{"id":7486,"date":"2021-11-15T11:33:50","date_gmt":"2021-11-15T11:33:50","guid":{"rendered":"https:\/\/sahipsizhayvanlar.org\/?page_id=7486"},"modified":"2021-11-15T11:33:50","modified_gmt":"2021-11-15T11:33:50","slug":"kermesimizin-ilk-ziyaretcileri","status":"publish","type":"page","link":"https:\/\/sahipsizhayvanlar.org\/en\/kermesimizin-ilk-ziyaretcileri\/","title":{"rendered":"The First Visitors of Our Sales"},"content":{"rendered":"<p><img decoding=\"async\" class=\"alignnone size-medium wp-image-7487\" src=\"https:\/\/sahipsizhayvanlar.org\/wp-content\/uploads\/2021\/11\/255436732_4682357031812554_8136740534403397969_n-300x249.jpg\" alt=\"\" width=\"300\" height=\"249\" srcset=\"https:\/\/sahipsizhayvanlar.org\/wp-content\/uploads\/2021\/11\/255436732_4682357031812554_8136740534403397969_n-200x166.jpg 200w, https:\/\/sahipsizhayvanlar.org\/wp-content\/uploads\/2021\/11\/255436732_4682357031812554_8136740534403397969_n-300x249.jpg 300w, https:\/\/sahipsizhayvanlar.org\/wp-content\/uploads\/2021\/11\/255436732_4682357031812554_8136740534403397969_n-400x333.jpg 400w, https:\/\/sahipsizhayvanlar.org\/wp-content\/uploads\/2021\/11\/255436732_4682357031812554_8136740534403397969_n-600x499.jpg 600w, https:\/\/sahipsizhayvanlar.org\/wp-content\/uploads\/2021\/11\/255436732_4682357031812554_8136740534403397969_n-768x638.jpg 768w, https:\/\/sahipsizhayvanlar.org\/wp-content\/uploads\/2021\/11\/255436732_4682357031812554_8136740534403397969_n-800x665.jpg 800w, https:\/\/sahipsizhayvanlar.org\/wp-content\/uploads\/2021\/11\/255436732_4682357031812554_8136740534403397969_n-1024x851.jpg 1024w, https:\/\/sahipsizhayvanlar.org\/wp-content\/uploads\/2021\/11\/255436732_4682357031812554_8136740534403397969_n-1200x998.jpg 1200w, https:\/\/sahipsizhayvanlar.org\/wp-content\/uploads\/2021\/11\/255436732_4682357031812554_8136740534403397969_n.jpg 1440w\" sizes=\"(max-width: 300px) 100vw, 300px\" \/><\/p>\n<p>Today we opened our shop. We are inviting all the people. Our first visitors were CHP Sinop Representative Bar\u0131\u015f Karadeniz, Mayor of Sinop Bar\u0131\u015f Ayhan and Deputy Mayor B\u00fclent Oktay. They said they will continue working with us for the stray animals. They wished us good luck with our sales.<\/p>\n<p><img decoding=\"async\" class=\"alignnone size-medium wp-image-7488\" src=\"https:\/\/sahipsizhayvanlar.org\/wp-content\/uploads\/2021\/11\/255550498_4682357128479211_3218572872465876127_n-224x300.jpg\" alt=\"\" width=\"224\" height=\"300\" srcset=\"https:\/\/sahipsizhayvanlar.org\/wp-content\/uploads\/2021\/11\/255550498_4682357128479211_3218572872465876127_n-200x267.jpg 200w, https:\/\/sahipsizhayvanlar.org\/wp-content\/uploads\/2021\/11\/255550498_4682357128479211_3218572872465876127_n-224x300.jpg 224w, https:\/\/sahipsizhayvanlar.org\/wp-content\/uploads\/2021\/11\/255550498_4682357128479211_3218572872465876127_n-400x535.jpg 400w, https:\/\/sahipsizhayvanlar.org\/wp-content\/uploads\/2021\/11\/255550498_4682357128479211_3218572872465876127_n-600x802.jpg 600w, https:\/\/sahipsizhayvanlar.org\/wp-content\/uploads\/2021\/11\/255550498_4682357128479211_3218572872465876127_n-766x1024.jpg 766w, https:\/\/sahipsizhayvanlar.org\/wp-content\/uploads\/2021\/11\/255550498_4682357128479211_3218572872465876127_n-768x1027.jpg 768w, https:\/\/sahipsizhayvanlar.org\/wp-content\/uploads\/2021\/11\/255550498_4682357128479211_3218572872465876127_n-800x1069.jpg 800w, https:\/\/sahipsizhayvanlar.org\/wp-content\/uploads\/2021\/11\/255550498_4682357128479211_3218572872465876127_n-1149x1536.jpg 1149w, https:\/\/sahipsizhayvanlar.org\/wp-content\/uploads\/2021\/11\/255550498_4682357128479211_3218572872465876127_n.jpg 1197w\" sizes=\"(max-width: 224px) 100vw, 224px\" \/> <img decoding=\"async\" class=\"alignnone size-medium wp-image-7489\" src=\"https:\/\/sahipsizhayvanlar.org\/wp-content\/uploads\/2021\/11\/255439456_4682357005145890_4139272137279946171_n-224x300.jpg\" alt=\"\" width=\"224\" height=\"300\" srcset=\"https:\/\/sahipsizhayvanlar.org\/wp-content\/uploads\/2021\/11\/255439456_4682357005145890_4139272137279946171_n-200x267.jpg 200w, https:\/\/sahipsizhayvanlar.org\/wp-content\/uploads\/2021\/11\/255439456_4682357005145890_4139272137279946171_n-224x300.jpg 224w, https:\/\/sahipsizhayvanlar.org\/wp-content\/uploads\/2021\/11\/255439456_4682357005145890_4139272137279946171_n-400x535.jpg 400w, https:\/\/sahipsizhayvanlar.org\/wp-content\/uploads\/2021\/11\/255439456_4682357005145890_4139272137279946171_n-600x802.jpg 600w, https:\/\/sahipsizhayvanlar.org\/wp-content\/uploads\/2021\/11\/255439456_4682357005145890_4139272137279946171_n-766x1024.jpg 766w, https:\/\/sahipsizhayvanlar.org\/wp-content\/uploads\/2021\/11\/255439456_4682357005145890_4139272137279946171_n-768x1027.jpg 768w, https:\/\/sahipsizhayvanlar.org\/wp-content\/uploads\/2021\/11\/255439456_4682357005145890_4139272137279946171_n-800x1069.jpg 800w, https:\/\/sahipsizhayvanlar.org\/wp-content\/uploads\/2021\/11\/255439456_4682357005145890_4139272137279946171_n-1149x1536.jpg 1149w, https:\/\/sahipsizhayvanlar.org\/wp-content\/uploads\/2021\/11\/255439456_4682357005145890_4139272137279946171_n.jpg 1197w\" sizes=\"(max-width: 224px) 100vw, 224px\" \/><\/p>","protected":false},"excerpt":{"rendered":"<p>Today we opened our shop. We are inviting all the people. Our first visitors were CHP Sinop Representative Bar\u0131\u015f Karadeniz, Mayor of Sinop Bar\u0131\u015f Ayhan [&hellip;]<\/p>\n","protected":false},"author":1,"featured_media":7487,"parent":0,"menu_order":0,"comment_status":"closed","ping_status":"closed","template":"","meta":{"footnotes":""},"_links":{"self":[{"href":"https:\/\/sahipsizhayvanlar.org\/en\/wp-json\/wp\/v2\/pages\/7486"}],"collection":[{"href":"https:\/\/sahipsizhayvanlar.org\/en\/wp-json\/wp\/v2\/pages"}],"about":[{"href":"https:\/\/sahipsizhayvanlar.org\/en\/wp-json\/wp\/v2\/types\/page"}],"author":[{"embeddable":true,"href":"https:\/\/sahipsizhayvanlar.org\/en\/wp-json\/wp\/v2\/users\/1"}],"replies":[{"embeddable":true,"href":"https:\/\/sahipsizhayvanlar.org\/en\/wp-json\/wp\/v2\/comments?post=7486"}],"version-history":[{"count":1,"href":"https:\/\/sahipsizhayvanlar.org\/en\/wp-json\/wp\/v2\/pages\/7486\/revisions"}],"predecessor-version":[{"id":7490,"href":"https:\/\/sahipsizhayvanlar.org\/en\/wp-json\/wp\/v2\/pages\/7486\/revisions\/7490"}],"wp:featuredmedia":[{"embeddable":true,"href":"https:\/\/sahipsizhayvanlar.org\/en\/wp-json\/wp\/v2\/media\/7487"}],"wp:attachment":[{"href":"https:\/\/sahipsizhayvanlar.org\/en\/wp-json\/wp\/v2\/media?parent=7486"}],"curies":[{"name":"wp","href":"https:\/\/api.w.org\/{rel}","templated":true}]}}