{"id":62,"date":"2011-05-03T13:07:24","date_gmt":"2011-05-03T13:07:24","guid":{"rendered":"http:\/\/imediapixel.com\/demo\/ecobiz\/?page_id=62"},"modified":"2020-02-09T22:18:00","modified_gmt":"2020-02-09T22:18:00","slug":"homepage-static-2","status":"publish","type":"page","link":"https:\/\/sahipsizhayvanlar.org\/en\/","title":{"rendered":"Home"},"content":{"rendered":"<p><div class=\"fusion-fullwidth fullwidth-box fusion-builder-row-4 nonhundred-percent-fullwidth non-hundred-percent-height-scrolling\" style=\"background-color: #35317f;background-position: center center;background-repeat: no-repeat;padding-top:0px;padding-right:0px;padding-bottom:0px;padding-left:0px;border-width: 0px 0px 0px 0px;border-color:#eae9e9;border-style:solid;\" ><div class=\"fusion-builder-row fusion-row\"><div class=\"fusion-layout-column fusion_builder_column fusion-builder-column-5 fusion_builder_column_1_1 1_1 fusion-one-full fusion-column-first fusion-column-last homeslider\" style=\"margin-top:0px;margin-bottom:0px;\"><div class=\"fusion-column-wrapper fusion-flex-column-wrapper-legacy\" style=\"background-position:left top;background-repeat:no-repeat;-webkit-background-size:cover;-moz-background-size:cover;-o-background-size:cover;background-size:cover;background-color:#35317f;padding: 0px 0px 0px 0px;\"><div class=\"fusion-builder-row fusion-builder-row-inner fusion-row\"><div class=\"fusion-layout-column fusion_builder_column_inner fusion-builder-nested-column-2 fusion_builder_column_inner_2_3 2_3 fusion-two-third fusion-column-first\" style=\"width:66.666666666667%;width:calc(66.666666666667% - ( ( 0px ) * 0.66666666666667 ) );margin-right: 0px;margin-top:0px;margin-bottom:0px;\"><div class=\"fusion-column-wrapper fusion-flex-column-wrapper-legacy\" style=\"background-position:left top;background-repeat:no-repeat;-webkit-background-size:cover;-moz-background-size:cover;-o-background-size:cover;background-size:cover;padding: 0px 0px 0px 0px;\"><div class=\"fusion-video fusion-youtube\" style=\"max-width:650px;max-height:366px;\"><div class=\"video-shortcode\"><iframe title=\"YouTube video player\" src=\"https:\/\/www.youtube.com\/embed\/hRI3r3Ht5dw?wmode=transparent&autoplay=0\" width=\"650\" height=\"366\" allowfullscreen allow=\"autoplay; fullscreen\"><\/iframe><\/div><\/div><div class=\"fusion-clearfix\"><\/div><\/div><\/div><div class=\"fusion-layout-column fusion_builder_column_inner fusion-builder-nested-column-3 fusion_builder_column_inner_1_3 1_3 fusion-one-third fusion-column-last\" style=\"width:33.333333333333%;width:calc(33.333333333333% - ( ( 0px ) * 0.33333333333333 ) );margin-top:3px;margin-bottom:0px;\"><div class=\"fusion-column-wrapper fusion-flex-column-wrapper-legacy\" style=\"background-position:left top;background-repeat:no-repeat;-webkit-background-size:cover;-moz-background-size:cover;-o-background-size:cover;background-size:cover;padding: 0px 43px 0px 0px;\"><div class=\"fusion-text fusion-text-6\" style=\"transform:translate3d(0,0,0);\"><h1><span style=\"color: white; font-size: 29px;\" data-fusion-font=\"true\">Sahiplen ve K\u0131s\u0131rla\u015ft\u0131r<\/span><\/h1>\n<p><span style=\"color: white;\">D\u00fcnya genelinde 100 milyondan fazla sahipsiz kedi ve 200 milyon kadar da sahipsiz k\u00f6pek var. D\u00fcnyaya gelen her 10 k\u00f6pekten sadece 1 tanesinin yuvas\u0131 olabiliyor. Her y\u0131l 2.7 milyon kedi ve k\u00f6pek \u00f6ld\u00fcr\u00fcl\u00fcyor \u00e7\u00fcnk\u00fc onlar\u0131n varl\u0131\u011f\u0131 insanlara bir tehditmi\u015f gibi g\u00f6r\u00fcl\u00fcyor ve onlar\u0131 bar\u0131nd\u0131racak ne yeterli bar\u0131naklar var ne de onlar\u0131 sahiplenecek insanlar. Sokak hayvanlar\u0131n\u0131n pop\u00fclasyonunun artmas\u0131n\u0131n bir sebebi de sahipli hayvanlar\u0131n \u00e7o\u011falmas\u0131na engel olunmamas\u0131.<\/span><\/p>\n<\/div><div class=\"fusion-clearfix\"><\/div><\/div><\/div><\/div><div class=\"fusion-clearfix\"><\/div><\/div><\/div><\/div><\/div><div class=\"fusion-fullwidth fullwidth-box fusion-builder-row-5 nonhundred-percent-fullwidth non-hundred-percent-height-scrolling\" style=\"background-color: rgba(255,255,255,0);background-position: center center;background-repeat: no-repeat;padding-top:0px;padding-right:0px;padding-bottom:0px;padding-left:0px;border-width: 0px 0px 0px 0px;border-color:#eae9e9;border-style:solid;\" ><div class=\"fusion-builder-row fusion-row\"><div class=\"fusion-layout-column fusion_builder_column fusion-builder-column-6 fusion_builder_column_1_1 1_1 fusion-one-full fusion-column-first fusion-column-last\" style=\"margin-top:0px;margin-bottom:0px;\"><div class=\"fusion-column-wrapper fusion-flex-column-wrapper-legacy\" style=\"background-position:left top;background-repeat:no-repeat;-webkit-background-size:cover;-moz-background-size:cover;-o-background-size:cover;background-size:cover;padding: 0px 0px 0px 0px;\"><style type=\"text\/css\"><\/style><div class=\"fusion-title title fusion-title-2 fusion-title-text fusion-title-size-one\" style=\"margin-top:0px;margin-bottom:31px;\"><h1 class=\"title-heading-left\" style=\"margin:0;\"><h1>The Association of the Protection and Sustenance of Stray Animals<\/h1><\/h1><div class=\"title-sep-container\"><div class=\"title-sep sep-double sep-solid\" style=\"border-color:#e0dede;\"><\/div><\/div><\/div><div class=\"fusion-clearfix\"><\/div><\/div><\/div><\/div><\/div><div class=\"fusion-fullwidth fullwidth-box fusion-builder-row-6 nonhundred-percent-fullwidth non-hundred-percent-height-scrolling\" style=\"background-color: rgba(255,255,255,0);background-position: center center;background-repeat: no-repeat;padding-top:0px;padding-right:0px;padding-bottom:0px;padding-left:0px;margin-bottom: 0px;margin-top: 0px;border-width: 0px 0px 0px 0px;border-color:#eae9e9;border-style:solid;\" ><div class=\"fusion-builder-row fusion-row\"><div class=\"fusion-layout-column fusion_builder_column fusion-builder-column-7 fusion_builder_column_1_3 1_3 fusion-one-third fusion-column-first\" style=\"width:33.333333333333%;width:calc(33.333333333333% - ( ( 4% + 4% ) * 0.33333333333333 ) );margin-right: 4%;margin-top:0px;margin-bottom:20px;\"><div class=\"fusion-column-wrapper fusion-flex-column-wrapper-legacy\" style=\"background-position:left top;background-repeat:no-repeat;-webkit-background-size:cover;-moz-background-size:cover;-o-background-size:cover;background-size:cover;padding: 0px 0px 0px 0px;\"><div class=\"fusion-text fusion-text-7\" style=\"transform:translate3d(0,0,0);\"><h2><a href=\"http:\/\/sahipsizhayvanlar.org\/en\/evcil-hayvan-sahiplenmek\/\">Adopting a Pet<\/a><\/h2>\n<p><a href=\"http:\/\/sahipsizhayvanlar.org\/evcil-hayvan-sahiplenmek\/\"><img decoding=\"async\" class=\"size-full wp-image-1703 alignleft\" src=\"http:\/\/sahipsizhayvanlar.org\/wp-content\/uploads\/2011\/05\/Sahiplen3.jpg\" alt=\"\" width=\"96\" height=\"96\" \/><\/a>Why should we adopt? You can reach information about the nutrition, health and the other care issues of pets.<\/p>\n<\/div><div class=\"fusion-text fusion-text-8\" style=\"transform:translate3d(0,0,0);\"><h2><a href=\"http:\/\/sahipsizhayvanlar.org\/cocuklar-icin\/\">For Kids<\/a><\/h2>\n<p><a href=\"http:\/\/sahipsizhayvanlar.org\/cocuklar-icin\/\"><img decoding=\"async\" class=\"alignleft wp-image-1649\" src=\"http:\/\/sahipsizhayvanlar.org\/wp-content\/uploads\/2011\/05\/For-children-k\u00fc\u00e7\u00fck.jpg\" alt=\"\" width=\"96\" height=\"96\" \/><\/a>Hey! Kids! Wanna know interesting facts about animals? You can learn them with fun puzzles and games.<\/p>\n<\/div><div class=\"fusion-clearfix\"><\/div><\/div><\/div><div class=\"fusion-layout-column fusion_builder_column fusion-builder-column-8 fusion_builder_column_1_3 1_3 fusion-one-third\" style=\"width:33.333333333333%;width:calc(33.333333333333% - ( ( 4% + 4% ) * 0.33333333333333 ) );margin-right: 4%;margin-top:0px;margin-bottom:20px;\"><div class=\"fusion-column-wrapper fusion-flex-column-wrapper-legacy\" style=\"background-position:left top;background-repeat:no-repeat;-webkit-background-size:cover;-moz-background-size:cover;-o-background-size:cover;background-size:cover;padding: 0px 0px 0px 0px;\"><div class=\"fusion-text fusion-text-9\" style=\"transform:translate3d(0,0,0);\"><h2><a href=\"http:\/\/sahipsizhayvanlar.org\/staj-imkani\/\">Internship &amp; Externship<\/a><\/h2>\n<p><a href=\"http:\/\/sahipsizhayvanlar.org\/staj-imkani\/\"><img decoding=\"async\" class=\"alignleft wp-image-2450\" src=\"http:\/\/sahipsizhayvanlar.org\/wp-content\/uploads\/2011\/05\/staj-k\u00fc\u00e7\u00fck2.jpg\" alt=\"\" width=\"96\" height=\"88\" \/><\/a>If you are a vet student, you can have an experience as our intern in the animal shelter in Sinop, Turkey.<\/p>\n<\/div><div class=\"fusion-text fusion-text-10\" style=\"transform:translate3d(0,0,0);\"><h2><a href=\"http:\/\/sahipsizhayvanlar.org\/dunyadan-haberler\/\">Around the World<\/a><\/h2>\n<p><a href=\"http:\/\/sahipsizhayvanlar.org\/dunyadan-haberler\/\"><img decoding=\"async\" class=\"alignleft wp-image-2452\" src=\"http:\/\/sahipsizhayvanlar.org\/wp-content\/uploads\/2011\/05\/d\u00fcnya-k\u00fc\u00e7\u00fck.jpg\" alt=\"\" width=\"96\" height=\"88\" \/><\/a>Here is the news about animals from all over the globe. Are you ready to have a journey to their fantastic world?<\/p>\n<\/div><div class=\"fusion-clearfix\"><\/div><\/div><\/div><div class=\"fusion-layout-column fusion_builder_column fusion-builder-column-9 fusion_builder_column_1_3 1_3 fusion-one-third fusion-column-last\" style=\"width:33.333333333333%;width:calc(33.333333333333% - ( ( 4% + 4% ) * 0.33333333333333 ) );margin-top:0px;margin-bottom:20px;\"><div class=\"fusion-column-wrapper fusion-flex-column-wrapper-legacy\" style=\"background-position:left top;background-repeat:no-repeat;-webkit-background-size:cover;-moz-background-size:cover;-o-background-size:cover;background-size:cover;padding: 0px 0px 0px 0px;\"><div class=\"fusion-widget-area fusion-widget-area-2 fusion-content-widget-area\"><style type=\"text\/css\">.fusion-widget-area-2 {padding:0px 0px 0px 0px;}.fusion-widget-area-2 .widget h4 {color:#333333;}.fusion-widget-area-2 .widget .heading h4 {color:#333333;}.fusion-widget-area-2 .widget h4 {font-size:23px;}.fusion-widget-area-2 .widget .heading h4 {font-size:23px;}<\/style>\n\t\t<section id=\"recent-posts-3\" class=\"fusion-slidingbar-widget-column widget widget_recent_entries\">\n\t\t<h4 class=\"widget-title\">Last Posts<\/h4>\n\t\t<ul>\n\t\t\t\t\t\t\t\t\t\t\t<li>\n\t\t\t\t\t<a href=\"https:\/\/sahipsizhayvanlar.org\/en\/misirdan-dina-geliyor\/\">Dina is coming from Egypt<\/a>\n\t\t\t\t\t\t\t\t\t<\/li>\n\t\t\t\t\t\t\t\t\t\t\t<li>\n\t\t\t\t\t<a href=\"https:\/\/sahipsizhayvanlar.org\/en\/bektasaga-pati-koyundeki-patili-dostlarimizdan-bir-kesit\/\">A glimpse of our furry friends at Bekta\u015fa\u011fa Pati Village<\/a>\n\t\t\t\t\t\t\t\t\t<\/li>\n\t\t\t\t\t\t\t\t\t\t\t<li>\n\t\t\t\t\t<a href=\"https:\/\/sahipsizhayvanlar.org\/en\/merna-memleketine-dondu\/\">Merna returned to her home<\/a>\n\t\t\t\t\t\t\t\t\t<\/li>\n\t\t\t\t\t\t\t\t\t\t\t<li>\n\t\t\t\t\t<a href=\"https:\/\/sahipsizhayvanlar.org\/en\/andrea-memleketine-dondu-2\/\">Andrea left for her home<\/a>\n\t\t\t\t\t\t\t\t\t<\/li>\n\t\t\t\t\t\t\t\t\t\t\t<li>\n\t\t\t\t\t<a href=\"https:\/\/sahipsizhayvanlar.org\/en\/renata-ve-elshad-memleketlerine-dondu\/\">Renata and Elshad returned to their home<\/a>\n\t\t\t\t\t\t\t\t\t<\/li>\n\t\t\t\t\t\t\t\t\t\t\t<li>\n\t\t\t\t\t<a href=\"https:\/\/sahipsizhayvanlar.org\/en\/azerbaycandan-melek-geliyor\/\">Melek is coming from Azerbaijan<\/a>\n\t\t\t\t\t\t\t\t\t<\/li>\n\t\t\t\t\t<\/ul>\n\n\t\t<div style=\"clear:both;\"><\/div><\/section><div class=\"fusion-additional-widget-content\"><\/div><\/div><div class=\"fusion-clearfix\"><\/div><\/div><\/div><\/div><\/div><\/p>","protected":false},"excerpt":{"rendered":"","protected":false},"author":1,"featured_media":0,"parent":0,"menu_order":0,"comment_status":"open","ping_status":"closed","template":"","meta":{"footnotes":""},"_links":{"self":[{"href":"https:\/\/sahipsizhayvanlar.org\/en\/wp-json\/wp\/v2\/pages\/62"}],"collection":[{"href":"https:\/\/sahipsizhayvanlar.org\/en\/wp-json\/wp\/v2\/pages"}],"about":[{"href":"https:\/\/sahipsizhayvanlar.org\/en\/wp-json\/wp\/v2\/types\/page"}],"author":[{"embeddable":true,"href":"https:\/\/sahipsizhayvanlar.org\/en\/wp-json\/wp\/v2\/users\/1"}],"replies":[{"embeddable":true,"href":"https:\/\/sahipsizhayvanlar.org\/en\/wp-json\/wp\/v2\/comments?post=62"}],"version-history":[{"count":159,"href":"https:\/\/sahipsizhayvanlar.org\/en\/wp-json\/wp\/v2\/pages\/62\/revisions"}],"predecessor-version":[{"id":5765,"href":"https:\/\/sahipsizhayvanlar.org\/en\/wp-json\/wp\/v2\/pages\/62\/revisions\/5765"}],"wp:attachment":[{"href":"https:\/\/sahipsizhayvanlar.org\/en\/wp-json\/wp\/v2\/media?parent=62"}],"curies":[{"name":"wp","href":"https:\/\/api.w.org\/{rel}","templated":true}]}}