{"id":560,"date":"2011-06-06T14:02:47","date_gmt":"2011-06-06T14:02:47","guid":{"rendered":"http:\/\/imediapixel.com\/demo\/ecobiz\/?page_id=560"},"modified":"2024-09-21T12:07:56","modified_gmt":"2024-09-21T12:07:56","slug":"hakkimizda","status":"publish","type":"page","link":"https:\/\/sahipsizhayvanlar.org\/en\/hakkimizda\/","title":{"rendered":"About us"},"content":{"rendered":"<p><\/p>\n<h1>The Association of Protection and Sustenance of Stray Animals<\/h1>\n<p>Sahipsiz Hayvanlar\u0131 Koruma ve Ya\u015fatma Derne\u011fi &#8211; the Association of Protection and Sustenance of Stray Animals was established in Sinop in 2005 in order to help the stray animals for their food and medical needs. We work in the collaboration with the Municipality of Sinop to help the ones which are sick, wounded, young and old. We work on the ones which are in the shelter as well as the ones which are living outside without an owner. Our members work in the shelter and help the staff there for their food and show affection.<\/p>\n<p>You can also work with us as a volunteer, save the needy ones from the streets and help them to find homes. Or you can organize events such as brunch, kermesse or others for fundraising.<\/p>\n<h2 style=\"text-align: left;\">CONTACT<\/h2>\n<p style=\"text-align: left;\">Address:\u00a0Tulay Sevgi Ersahin Can Dostlar\u0131 Yasam Evi, Ada Mah. Sis Dudugu Mevki, PK.17, 57000 Sinop, Turkey<\/p>\n<p style=\"text-align: left;\">E-mail:\u00a0sahipsizhayvanlar@outlook.com<\/p>\n<p style=\"text-align: left;\">Facebook: Sahipsiz Hayvanlari Koruma ve Yasatma Dernegi<\/p>\n<h2 style=\"text-align: left;\">DONATE US<\/h2>\n<p style=\"text-align: left;\">Ziraat Bankasi &#8211; Sinop<\/p>\n<p style=\"text-align: left;\">IBAN Turkish Lira: TR02 0001 0002 2644 7802 0550 01<\/p>\n<p style=\"text-align: left;\">IBAN Euro: TR45 0001 0002 2644 7802 0550 03<\/p>\n<p style=\"text-align: left;\">IBAN US Dollar: TR72 0001 0002 2644 7802 0550 02<\/p>\n<p><\/p>","protected":false},"excerpt":{"rendered":"<p>The Association of Protection and Sustenance of Stray Animals Sahipsiz Hayvanlar\u0131 Koruma ve Ya\u015fatma Derne\u011fi &#8211; the Association of Protection and Sustenance of Stray Animals [&hellip;]<\/p>\n","protected":false},"author":1,"featured_media":5743,"parent":0,"menu_order":0,"comment_status":"open","ping_status":"closed","template":"","meta":{"footnotes":""},"_links":{"self":[{"href":"https:\/\/sahipsizhayvanlar.org\/en\/wp-json\/wp\/v2\/pages\/560"}],"collection":[{"href":"https:\/\/sahipsizhayvanlar.org\/en\/wp-json\/wp\/v2\/pages"}],"about":[{"href":"https:\/\/sahipsizhayvanlar.org\/en\/wp-json\/wp\/v2\/types\/page"}],"author":[{"embeddable":true,"href":"https:\/\/sahipsizhayvanlar.org\/en\/wp-json\/wp\/v2\/users\/1"}],"replies":[{"embeddable":true,"href":"https:\/\/sahipsizhayvanlar.org\/en\/wp-json\/wp\/v2\/comments?post=560"}],"version-history":[{"count":17,"href":"https:\/\/sahipsizhayvanlar.org\/en\/wp-json\/wp\/v2\/pages\/560\/revisions"}],"predecessor-version":[{"id":9351,"href":"https:\/\/sahipsizhayvanlar.org\/en\/wp-json\/wp\/v2\/pages\/560\/revisions\/9351"}],"wp:featuredmedia":[{"embeddable":true,"href":"https:\/\/sahipsizhayvanlar.org\/en\/wp-json\/wp\/v2\/media\/5743"}],"wp:attachment":[{"href":"https:\/\/sahipsizhayvanlar.org\/en\/wp-json\/wp\/v2\/media?parent=560"}],"curies":[{"name":"wp","href":"https:\/\/api.w.org\/{rel}","templated":true}]}}