{"id":4140,"date":"2019-02-14T16:41:13","date_gmt":"2019-02-14T16:41:13","guid":{"rendered":"https:\/\/sahipsizhayvanlar.org\/?page_id=4140"},"modified":"2019-02-14T16:41:13","modified_gmt":"2019-02-14T16:41:13","slug":"goz-amputasyonu","status":"publish","type":"page","link":"https:\/\/sahipsizhayvanlar.org\/en\/goz-amputasyonu\/","title":{"rendered":"An Eye Amputation"},"content":{"rendered":"<p><img decoding=\"async\" class=\"alignnone size-medium wp-image-4141\" src=\"https:\/\/sahipsizhayvanlar.org\/wp-content\/uploads\/2019\/02\/52377632_2224964554218493_413434844698116096_n-300x169.jpg\" alt=\"\" width=\"300\" height=\"169\" srcset=\"https:\/\/sahipsizhayvanlar.org\/wp-content\/uploads\/2019\/02\/52377632_2224964554218493_413434844698116096_n-200x113.jpg 200w, https:\/\/sahipsizhayvanlar.org\/wp-content\/uploads\/2019\/02\/52377632_2224964554218493_413434844698116096_n-300x169.jpg 300w, https:\/\/sahipsizhayvanlar.org\/wp-content\/uploads\/2019\/02\/52377632_2224964554218493_413434844698116096_n-768x432.jpg 768w, https:\/\/sahipsizhayvanlar.org\/wp-content\/uploads\/2019\/02\/52377632_2224964554218493_413434844698116096_n.jpg 960w\" sizes=\"(max-width: 300px) 100vw, 300px\" \/><\/p>\n<p>The left eye of this cat was amputated in Cadde Clinic due to perforation. The general health of the cat is very well now. From now on he will see the world with his right eye. We don&#8217;t want to let him go back to the streets because he is disadvantaged. If you want to do a favour, adopt this cat. He is in Cadde Clinic now. The Telephone Number of Cadde Clinic: 0543 421 9512<br \/>\nTo help us:<br \/>\nZiraat Bankasi, Sinop<br \/>\nAccount Holder: Sahipsiz Hayvanlar\u0131 Koruma ve Ya\u015fatma Derne\u011fi<br \/>\nIBAN: TR02 0001 0002 2644 7802 0550 01<\/p>\n<p>IBAN: TR72 0001 0002 2644 7802 0550 02 (USD)<\/p>\n<p>IBAN: TR45 0001 0002 2644 7802 0550 03 (Euro)<\/p>\n<p><img decoding=\"async\" class=\"alignnone size-medium wp-image-4142\" src=\"https:\/\/sahipsizhayvanlar.org\/wp-content\/uploads\/2019\/02\/51828238_2224964517551830_3833590462975836160_n-225x300.jpg\" alt=\"\" width=\"225\" height=\"300\" srcset=\"https:\/\/sahipsizhayvanlar.org\/wp-content\/uploads\/2019\/02\/51828238_2224964517551830_3833590462975836160_n-150x200.jpg 150w, https:\/\/sahipsizhayvanlar.org\/wp-content\/uploads\/2019\/02\/51828238_2224964517551830_3833590462975836160_n-225x300.jpg 225w, https:\/\/sahipsizhayvanlar.org\/wp-content\/uploads\/2019\/02\/51828238_2224964517551830_3833590462975836160_n.jpg 720w\" sizes=\"(max-width: 225px) 100vw, 225px\" \/>\u00a0<img decoding=\"async\" class=\"alignnone size-medium wp-image-4143\" src=\"https:\/\/sahipsizhayvanlar.org\/wp-content\/uploads\/2019\/02\/52013992_2224964494218499_7773268361919594496_n-169x300.jpg\" alt=\"\" width=\"169\" height=\"300\" srcset=\"https:\/\/sahipsizhayvanlar.org\/wp-content\/uploads\/2019\/02\/52013992_2224964494218499_7773268361919594496_n-113x200.jpg 113w, https:\/\/sahipsizhayvanlar.org\/wp-content\/uploads\/2019\/02\/52013992_2224964494218499_7773268361919594496_n-169x300.jpg 169w, https:\/\/sahipsizhayvanlar.org\/wp-content\/uploads\/2019\/02\/52013992_2224964494218499_7773268361919594496_n.jpg 540w\" sizes=\"(max-width: 169px) 100vw, 169px\" \/>\u00a0<img decoding=\"async\" class=\"alignnone size-medium wp-image-4144\" src=\"https:\/\/sahipsizhayvanlar.org\/wp-content\/uploads\/2019\/02\/51794230_2224964607551821_8239368877285310464_n-169x300.jpg\" alt=\"\" width=\"169\" height=\"300\" srcset=\"https:\/\/sahipsizhayvanlar.org\/wp-content\/uploads\/2019\/02\/51794230_2224964607551821_8239368877285310464_n-113x200.jpg 113w, https:\/\/sahipsizhayvanlar.org\/wp-content\/uploads\/2019\/02\/51794230_2224964607551821_8239368877285310464_n-169x300.jpg 169w, https:\/\/sahipsizhayvanlar.org\/wp-content\/uploads\/2019\/02\/51794230_2224964607551821_8239368877285310464_n.jpg 540w\" sizes=\"(max-width: 169px) 100vw, 169px\" \/><\/p>\n<p><img decoding=\"async\" class=\"alignnone size-medium wp-image-4145\" src=\"https:\/\/sahipsizhayvanlar.org\/wp-content\/uploads\/2019\/02\/51890407_2224964590885156_1755452377684508672_n-300x169.jpg\" alt=\"\" width=\"300\" height=\"169\" srcset=\"https:\/\/sahipsizhayvanlar.org\/wp-content\/uploads\/2019\/02\/51890407_2224964590885156_1755452377684508672_n-200x113.jpg 200w, https:\/\/sahipsizhayvanlar.org\/wp-content\/uploads\/2019\/02\/51890407_2224964590885156_1755452377684508672_n-300x169.jpg 300w, https:\/\/sahipsizhayvanlar.org\/wp-content\/uploads\/2019\/02\/51890407_2224964590885156_1755452377684508672_n-768x432.jpg 768w, https:\/\/sahipsizhayvanlar.org\/wp-content\/uploads\/2019\/02\/51890407_2224964590885156_1755452377684508672_n.jpg 960w\" sizes=\"(max-width: 300px) 100vw, 300px\" \/>\u00a0<img decoding=\"async\" class=\"alignnone size-medium wp-image-4146\" src=\"https:\/\/sahipsizhayvanlar.org\/wp-content\/uploads\/2019\/02\/51836620_2224964644218484_5763554839434887168_n-300x169.jpg\" alt=\"\" width=\"300\" height=\"169\" srcset=\"https:\/\/sahipsizhayvanlar.org\/wp-content\/uploads\/2019\/02\/51836620_2224964644218484_5763554839434887168_n-200x113.jpg 200w, https:\/\/sahipsizhayvanlar.org\/wp-content\/uploads\/2019\/02\/51836620_2224964644218484_5763554839434887168_n-300x169.jpg 300w, https:\/\/sahipsizhayvanlar.org\/wp-content\/uploads\/2019\/02\/51836620_2224964644218484_5763554839434887168_n-768x432.jpg 768w, https:\/\/sahipsizhayvanlar.org\/wp-content\/uploads\/2019\/02\/51836620_2224964644218484_5763554839434887168_n.jpg 960w\" sizes=\"(max-width: 300px) 100vw, 300px\" \/><\/p>","protected":false},"excerpt":{"rendered":"<p>The left eye of this cat was amputated in Cadde Clinic due to perforation. The general health of the cat is very well now. From [&hellip;]<\/p>\n","protected":false},"author":1,"featured_media":4141,"parent":0,"menu_order":0,"comment_status":"closed","ping_status":"closed","template":"","meta":{"footnotes":""},"_links":{"self":[{"href":"https:\/\/sahipsizhayvanlar.org\/en\/wp-json\/wp\/v2\/pages\/4140"}],"collection":[{"href":"https:\/\/sahipsizhayvanlar.org\/en\/wp-json\/wp\/v2\/pages"}],"about":[{"href":"https:\/\/sahipsizhayvanlar.org\/en\/wp-json\/wp\/v2\/types\/page"}],"author":[{"embeddable":true,"href":"https:\/\/sahipsizhayvanlar.org\/en\/wp-json\/wp\/v2\/users\/1"}],"replies":[{"embeddable":true,"href":"https:\/\/sahipsizhayvanlar.org\/en\/wp-json\/wp\/v2\/comments?post=4140"}],"version-history":[{"count":1,"href":"https:\/\/sahipsizhayvanlar.org\/en\/wp-json\/wp\/v2\/pages\/4140\/revisions"}],"predecessor-version":[{"id":4147,"href":"https:\/\/sahipsizhayvanlar.org\/en\/wp-json\/wp\/v2\/pages\/4140\/revisions\/4147"}],"wp:featuredmedia":[{"embeddable":true,"href":"https:\/\/sahipsizhayvanlar.org\/en\/wp-json\/wp\/v2\/media\/4141"}],"wp:attachment":[{"href":"https:\/\/sahipsizhayvanlar.org\/en\/wp-json\/wp\/v2\/media?parent=4140"}],"curies":[{"name":"wp","href":"https:\/\/api.w.org\/{rel}","templated":true}]}}