{"id":2270,"date":"2017-10-17T07:43:53","date_gmt":"2017-10-17T07:43:53","guid":{"rendered":"http:\/\/sahipsizhayvanlar.org\/?page_id=2270"},"modified":"2020-02-10T06:32:49","modified_gmt":"2020-02-10T06:32:49","slug":"cocuklar-icin","status":"publish","type":"page","link":"https:\/\/sahipsizhayvanlar.org\/en\/cocuklar-icin\/","title":{"rendered":"For Kids"},"content":{"rendered":"<p><img decoding=\"async\" class=\"size-full wp-image-5797 aligncenter\" src=\"https:\/\/sahipsizhayvanlar.org\/wp-content\/uploads\/2020\/02\/\u00c7ocuklar-i\u00e7in2.jpg\" alt=\"\" width=\"1100\" height=\"209\" srcset=\"https:\/\/sahipsizhayvanlar.org\/wp-content\/uploads\/2020\/02\/\u00c7ocuklar-i\u00e7in2-200x38.jpg 200w, https:\/\/sahipsizhayvanlar.org\/wp-content\/uploads\/2020\/02\/\u00c7ocuklar-i\u00e7in2-300x57.jpg 300w, https:\/\/sahipsizhayvanlar.org\/wp-content\/uploads\/2020\/02\/\u00c7ocuklar-i\u00e7in2-400x76.jpg 400w, https:\/\/sahipsizhayvanlar.org\/wp-content\/uploads\/2020\/02\/\u00c7ocuklar-i\u00e7in2-600x114.jpg 600w, https:\/\/sahipsizhayvanlar.org\/wp-content\/uploads\/2020\/02\/\u00c7ocuklar-i\u00e7in2-768x146.jpg 768w, https:\/\/sahipsizhayvanlar.org\/wp-content\/uploads\/2020\/02\/\u00c7ocuklar-i\u00e7in2-800x152.jpg 800w, https:\/\/sahipsizhayvanlar.org\/wp-content\/uploads\/2020\/02\/\u00c7ocuklar-i\u00e7in2-1024x195.jpg 1024w, https:\/\/sahipsizhayvanlar.org\/wp-content\/uploads\/2020\/02\/\u00c7ocuklar-i\u00e7in2.jpg 1100w\" sizes=\"(max-width: 1100px) 100vw, 1100px\" \/><\/p>\n<h1 style=\"text-align: center;\">For Kids<\/h1>\n<p style=\"text-align: center;\">For the original size, click on the puzzle and print it out. Then you can solve the puzzle.<\/p>\n<p>&nbsp;<\/p>\n<p style=\"text-align: center;\">Let&#8217;s learn about the incredible facts about animals by solving the puzzle.<\/p>\n<p><a href=\"http:\/\/sahipsizhayvanlar.org\/wp-content\/uploads\/2017\/11\/Interesting-Facts-About-Animals-1.jpg\"><img decoding=\"async\" class=\"alignnone size-full wp-image-2592 aligncenter\" src=\"http:\/\/sahipsizhayvanlar.org\/wp-content\/uploads\/2017\/10\/Interesting-Facts-About-Animals-1small.jpg\" alt=\"\" width=\"177\" height=\"250\" srcset=\"https:\/\/sahipsizhayvanlar.org\/wp-content\/uploads\/2017\/10\/Interesting-Facts-About-Animals-1small-142x200.jpg 142w, https:\/\/sahipsizhayvanlar.org\/wp-content\/uploads\/2017\/10\/Interesting-Facts-About-Animals-1small.jpg 177w\" sizes=\"(max-width: 177px) 100vw, 177px\" \/><\/a><\/p>\n<p style=\"text-align: center;\">Click on the <a href=\"http:\/\/sahipsizhayvanlar.org\/wp-content\/uploads\/2017\/11\/Interesting-Facts-About-Animals-1-Answers.jpg\">ANSWERS<\/a><\/p>\n<p>&nbsp;<\/p>\n<p style=\"text-align: center;\">Learn about the books about animals by solving the puzzle.<\/p>\n<p><a href=\"http:\/\/sahipsizhayvanlar.org\/wp-content\/uploads\/2017\/11\/Books-about-animals-1.jpg\"><img decoding=\"async\" class=\"size-full wp-image-2570 aligncenter\" src=\"http:\/\/sahipsizhayvanlar.org\/wp-content\/uploads\/2017\/10\/Books-about-animals-1small.jpg\" alt=\"\" width=\"177\" height=\"250\" srcset=\"https:\/\/sahipsizhayvanlar.org\/wp-content\/uploads\/2017\/10\/Books-about-animals-1small-142x200.jpg 142w, https:\/\/sahipsizhayvanlar.org\/wp-content\/uploads\/2017\/10\/Books-about-animals-1small.jpg 177w\" sizes=\"(max-width: 177px) 100vw, 177px\" \/><\/a><\/p>\n<p style=\"text-align: center;\">Click on the <a href=\"http:\/\/sahipsizhayvanlar.org\/wp-content\/uploads\/2017\/11\/Books-about-animals-1-Answer-key.jpg\">ANSWERS<\/a><\/p>\n<p>&nbsp;<\/p>\n<p>&nbsp;<\/p>\n<p>What do you know about cats and dogs?<\/p>\n<p><a href=\"http:\/\/sahipsizhayvanlar.org\/wp-content\/uploads\/2017\/10\/Interesting-Facts-about-Cats-and-Dogs1.jpg\"><img decoding=\"async\" class=\"size-medium wp-image-2327 alignleft\" src=\"http:\/\/sahipsizhayvanlar.org\/wp-content\/uploads\/2017\/10\/Interesting-Facts-about-Cats-and-Dogs1-k\u00fc\u00e7\u00fck2-212x300.jpg\" alt=\"\" width=\"212\" height=\"300\" srcset=\"https:\/\/sahipsizhayvanlar.org\/wp-content\/uploads\/2017\/10\/Interesting-Facts-about-Cats-and-Dogs1-k\u00fc\u00e7\u00fck2-141x200.jpg 141w, https:\/\/sahipsizhayvanlar.org\/wp-content\/uploads\/2017\/10\/Interesting-Facts-about-Cats-and-Dogs1-k\u00fc\u00e7\u00fck2.jpg 212w\" sizes=\"(max-width: 212px) 100vw, 212px\" \/><\/a><a href=\"http:\/\/sahipsizhayvanlar.org\/wp-content\/uploads\/2017\/10\/Interesting-Facts-about-Cats-and-Dogs2.jpg\"><img decoding=\"async\" class=\"size-medium wp-image-2328 alignleft\" src=\"http:\/\/sahipsizhayvanlar.org\/wp-content\/uploads\/2017\/10\/Interesting-Facts-about-Cats-and-Dogs2-k\u00fc\u00e7\u00fck2-212x300.jpg\" alt=\"\" width=\"212\" height=\"300\" srcset=\"https:\/\/sahipsizhayvanlar.org\/wp-content\/uploads\/2017\/10\/Interesting-Facts-about-Cats-and-Dogs2-k\u00fc\u00e7\u00fck2-141x200.jpg 141w, https:\/\/sahipsizhayvanlar.org\/wp-content\/uploads\/2017\/10\/Interesting-Facts-about-Cats-and-Dogs2-k\u00fc\u00e7\u00fck2.jpg 212w\" sizes=\"(max-width: 212px) 100vw, 212px\" \/><\/a><\/p>\n<p>&nbsp;<\/p>\n<p>&nbsp;<\/p>\n<p>&nbsp;<\/p>\n<p>&nbsp;<\/p>\n<p>&nbsp;<\/p>\n<p>&nbsp;<\/p>\n<p>&nbsp;<\/p>\n<p>&nbsp;<\/p>\n<p>&nbsp;<\/p>\n<p>&nbsp;<\/p>\n<p>Click on the <a href=\"http:\/\/sahipsizhayvanlar.org\/wp-content\/uploads\/2017\/10\/ANSWERS-1.jpg\">ANSWERS<\/a><\/p>\n<p>&nbsp;<\/p>","protected":false},"excerpt":{"rendered":"<p>For Kids For the original size, click on the puzzle and print it out. Then you can solve the puzzle. &nbsp; Let&#8217;s learn about the [&hellip;]<\/p>\n","protected":false},"author":1,"featured_media":0,"parent":0,"menu_order":0,"comment_status":"closed","ping_status":"closed","template":"","meta":{"footnotes":""},"_links":{"self":[{"href":"https:\/\/sahipsizhayvanlar.org\/en\/wp-json\/wp\/v2\/pages\/2270"}],"collection":[{"href":"https:\/\/sahipsizhayvanlar.org\/en\/wp-json\/wp\/v2\/pages"}],"about":[{"href":"https:\/\/sahipsizhayvanlar.org\/en\/wp-json\/wp\/v2\/types\/page"}],"author":[{"embeddable":true,"href":"https:\/\/sahipsizhayvanlar.org\/en\/wp-json\/wp\/v2\/users\/1"}],"replies":[{"embeddable":true,"href":"https:\/\/sahipsizhayvanlar.org\/en\/wp-json\/wp\/v2\/comments?post=2270"}],"version-history":[{"count":38,"href":"https:\/\/sahipsizhayvanlar.org\/en\/wp-json\/wp\/v2\/pages\/2270\/revisions"}],"predecessor-version":[{"id":5798,"href":"https:\/\/sahipsizhayvanlar.org\/en\/wp-json\/wp\/v2\/pages\/2270\/revisions\/5798"}],"wp:attachment":[{"href":"https:\/\/sahipsizhayvanlar.org\/en\/wp-json\/wp\/v2\/media?parent=2270"}],"curies":[{"name":"wp","href":"https:\/\/api.w.org\/{rel}","templated":true}]}}