{"id":2215,"date":"2017-10-15T18:18:15","date_gmt":"2017-10-15T18:18:15","guid":{"rendered":"http:\/\/sahipsizhayvanlar.org\/?page_id=2215"},"modified":"2020-02-10T06:33:49","modified_gmt":"2020-02-10T06:33:49","slug":"dunyadan-haberler","status":"publish","type":"page","link":"https:\/\/sahipsizhayvanlar.org\/en\/dunyadan-haberler\/","title":{"rendered":"Around the World"},"content":{"rendered":"<p><img decoding=\"async\" src=\"https:\/\/sahipsizhayvanlar.org\/wp-content\/uploads\/2020\/02\/dunyadan-haberler.jpg\" alt=\"\" width=\"1100\" height=\"209\" class=\"alignnone size-full wp-image-5799\" srcset=\"https:\/\/sahipsizhayvanlar.org\/wp-content\/uploads\/2020\/02\/dunyadan-haberler-200x38.jpg 200w, https:\/\/sahipsizhayvanlar.org\/wp-content\/uploads\/2020\/02\/dunyadan-haberler-300x57.jpg 300w, https:\/\/sahipsizhayvanlar.org\/wp-content\/uploads\/2020\/02\/dunyadan-haberler-400x76.jpg 400w, https:\/\/sahipsizhayvanlar.org\/wp-content\/uploads\/2020\/02\/dunyadan-haberler-600x114.jpg 600w, https:\/\/sahipsizhayvanlar.org\/wp-content\/uploads\/2020\/02\/dunyadan-haberler-768x146.jpg 768w, https:\/\/sahipsizhayvanlar.org\/wp-content\/uploads\/2020\/02\/dunyadan-haberler-800x152.jpg 800w, https:\/\/sahipsizhayvanlar.org\/wp-content\/uploads\/2020\/02\/dunyadan-haberler-1024x195.jpg 1024w, https:\/\/sahipsizhayvanlar.org\/wp-content\/uploads\/2020\/02\/dunyadan-haberler.jpg 1100w\" sizes=\"(max-width: 1100px) 100vw, 1100px\" \/><\/p>\n<h1 style=\"text-align: center;\">Around the World<\/h1>\n<p>Here is the news about animals from all over the globe. You can have a journey to their fantastic world!<\/p>\n<p>&nbsp;<\/p>\n<h4><a href=\"http:\/\/sahipsizhayvanlar.org\/en\/kopekler-neden-herseyi-cigner\/\">Why do dogs chew everything? Here is the answer!\u00a0<\/a><\/h4>\n<p><a href=\"http:\/\/sahipsizhayvanlar.org\/en\/kopekler-neden-herseyi-cigner\/\"><img decoding=\"async\" class=\"alignnone size-full wp-image-3050\" src=\"http:\/\/sahipsizhayvanlar.org\/wp-content\/uploads\/2018\/03\/Dog-chew-small.jpg\" alt=\"\" width=\"149\" height=\"100\" \/><\/a><\/p>\n<p>&nbsp;<\/p>\n<h4><a href=\"http:\/\/sahipsizhayvanlar.org\/en\/dunyanin-en-agir-baligi\/\">Do you know the world&#8217;s heaviest fish? It is 2300 kg!<\/a><\/h4>\n<p><a href=\"http:\/\/sahipsizhayvanlar.org\/en\/dunyanin-en-agir-baligi\/\"><img decoding=\"async\" class=\"alignnone size-full wp-image-3051\" src=\"http:\/\/sahipsizhayvanlar.org\/wp-content\/uploads\/2018\/03\/Worlds-heavies-fish-small.jpg\" alt=\"\" width=\"132\" height=\"100\" \/><\/a><\/p>\n<p>&nbsp;<\/p>\n<h4><a href=\"http:\/\/sahipsizhayvanlar.org\/en\/orangutanlar-yavrularini-9-yila-kadar-emzirebilirler\/\">Orangutans can nurse up to 9 years.<\/a><\/h4>\n<p><a href=\"http:\/\/sahipsizhayvanlar.org\/en\/orangutanlar-yavrularini-9-yila-kadar-emzirebilirler\/\"><img decoding=\"async\" class=\"alignnone size-full wp-image-1837\" src=\"http:\/\/sahipsizhayvanlar.org\/wp-content\/uploads\/2017\/05\/l-Mother-and-baby-orangutank\u00fc\u00e7\u00fck.jpg\" alt=\"\" width=\"100\" height=\"100\" \/><\/a><\/p>\n<p>&nbsp;<\/p>\n<h4><a href=\"http:\/\/sahipsizhayvanlar.org\/en\/son-orca-seaworld-parkinda-dunyaya-geldi\/\">The last orca to be born at one of the SeaWorld&#8217;s parks<\/a><\/h4>\n<p><a href=\"http:\/\/sahipsizhayvanlar.org\/en\/son-orca-seaworld-parkinda-dunyaya-geldi\/\"><img decoding=\"async\" class=\"alignnone size-full wp-image-1841\" src=\"http:\/\/sahipsizhayvanlar.org\/wp-content\/uploads\/2017\/05\/Orcak\u00fc\u00e7\u00fck2.jpg\" alt=\"\" width=\"148\" height=\"100\" \/><\/a><\/p>\n<p>&nbsp;<\/p>\n<p>&nbsp;<\/p>\n<div id=\"gtx-trans\" style=\"position: absolute; left: -36px; top: 983.563px;\">\n<div class=\"gtx-trans-icon\"><\/div>\n<\/div>\n<p><\/p>","protected":false},"excerpt":{"rendered":"<p>Around the World Here is the news about animals from all over the globe. You can have a journey to their fantastic world! &nbsp; Why [&hellip;]<\/p>\n","protected":false},"author":1,"featured_media":0,"parent":0,"menu_order":0,"comment_status":"closed","ping_status":"closed","template":"","meta":{"footnotes":""},"_links":{"self":[{"href":"https:\/\/sahipsizhayvanlar.org\/en\/wp-json\/wp\/v2\/pages\/2215"}],"collection":[{"href":"https:\/\/sahipsizhayvanlar.org\/en\/wp-json\/wp\/v2\/pages"}],"about":[{"href":"https:\/\/sahipsizhayvanlar.org\/en\/wp-json\/wp\/v2\/types\/page"}],"author":[{"embeddable":true,"href":"https:\/\/sahipsizhayvanlar.org\/en\/wp-json\/wp\/v2\/users\/1"}],"replies":[{"embeddable":true,"href":"https:\/\/sahipsizhayvanlar.org\/en\/wp-json\/wp\/v2\/comments?post=2215"}],"version-history":[{"count":69,"href":"https:\/\/sahipsizhayvanlar.org\/en\/wp-json\/wp\/v2\/pages\/2215\/revisions"}],"predecessor-version":[{"id":5800,"href":"https:\/\/sahipsizhayvanlar.org\/en\/wp-json\/wp\/v2\/pages\/2215\/revisions\/5800"}],"wp:attachment":[{"href":"https:\/\/sahipsizhayvanlar.org\/en\/wp-json\/wp\/v2\/media?parent=2215"}],"curies":[{"name":"wp","href":"https:\/\/api.w.org\/{rel}","templated":true}]}}