{"id":2065,"date":"2017-10-13T11:28:13","date_gmt":"2017-10-13T11:28:13","guid":{"rendered":"http:\/\/sahipsizhayvanlar.org\/?page_id=2065"},"modified":"2020-10-22T13:05:12","modified_gmt":"2020-10-22T13:05:12","slug":"bana-elini-ver","status":"publish","type":"page","link":"https:\/\/sahipsizhayvanlar.org\/en\/ab-projelerimiz\/bana-elini-ver\/","title":{"rendered":"Give Me Your Hand"},"content":{"rendered":"<p><\/p>\n<h3>\u00a0<img decoding=\"async\" class=\"size-medium wp-image-1962 alignleft\" src=\"http:\/\/sahipsizhayvanlar.org\/wp-content\/uploads\/2017\/05\/Bana-Elini-Ver-afi\u015f-300x226.jpg\" alt=\"\" width=\"300\" height=\"226\" srcset=\"https:\/\/sahipsizhayvanlar.org\/wp-content\/uploads\/2017\/05\/Bana-Elini-Ver-afi\u015f-200x151.jpg 200w, https:\/\/sahipsizhayvanlar.org\/wp-content\/uploads\/2017\/05\/Bana-Elini-Ver-afi\u015f-300x226.jpg 300w, https:\/\/sahipsizhayvanlar.org\/wp-content\/uploads\/2017\/05\/Bana-Elini-Ver-afi\u015f.jpg 398w\" sizes=\"(max-width: 300px) 100vw, 300px\" \/>Give Me Your Hand<\/h3>\n<p>Our Erasmus+ European Voluntary Service project \u201cIt\u2019s Your Turn\u201d was held in Sinop, Turkey between 2016 \u2013 2017. It aimed to improve the cognitive and small motor development of the disabled people. It also helped them for their inclusion in the society. Within the project that our association coordinated and the Association of Educational Programs and International and Cultural Activities hosted, 6 volunteers from Spain, Slovenia, Germany, Italy, Portugal and Poland for 59-day periods (short EVS). They all did so amazing efforts for our disabled people. They also helped us with the stray dogs and cats in the shelter. They also helped us with fund-raising events. We thank a lot each of them.<\/p>\n<h4>Here are our volunteers:<\/h4>\n<p>Anna Nadal, Spain (March 2016 &#8211; May 2016)<\/p>\n<p><img decoding=\"async\" class=\"alignnone size-full wp-image-2075\" src=\"http:\/\/sahipsizhayvanlar.org\/wp-content\/uploads\/2017\/10\/IMG_6211-k\u00fc\u00e7\u00fck.jpg\" alt=\"\" width=\"200\" height=\"150\" \/>\u00a0\u00a0\u00a0\u00a0<img decoding=\"async\" class=\"alignnone size-full wp-image-2076\" src=\"http:\/\/sahipsizhayvanlar.org\/wp-content\/uploads\/2017\/10\/6173eff0414cc3d6450e8f22d309cd4d-k\u00fc\u00e7\u00fck.jpg\" alt=\"\" width=\"150\" height=\"150\" \/>\u00a0 \u00a0\u00a0<img decoding=\"async\" class=\"alignnone size-full wp-image-2077\" src=\"http:\/\/sahipsizhayvanlar.org\/wp-content\/uploads\/2017\/10\/8a4ad12d2d1e05cccca59d76d091ef9a-k\u00fc\u00e7\u00fck.jpg\" alt=\"\" width=\"150\" height=\"150\" \/><\/p>\n<p><img decoding=\"async\" class=\"alignnone size-full wp-image-2078\" src=\"http:\/\/sahipsizhayvanlar.org\/wp-content\/uploads\/2017\/10\/5888c51f214374b00fb93f5cf3cb6f62-k\u00fc\u00e7\u00fck.jpg\" alt=\"\" width=\"200\" height=\"150\" \/>\u00a0\u00a0<img decoding=\"async\" class=\"alignnone size-full wp-image-2080\" src=\"http:\/\/sahipsizhayvanlar.org\/wp-content\/uploads\/2017\/10\/12919699_1072684669441036_7817241704342460725_n-k\u00fc\u00e7\u00fck.jpg\" alt=\"\" width=\"201\" height=\"150\" srcset=\"https:\/\/sahipsizhayvanlar.org\/wp-content\/uploads\/2017\/10\/12919699_1072684669441036_7817241704342460725_n-k\u00fc\u00e7\u00fck-200x149.jpg 200w, https:\/\/sahipsizhayvanlar.org\/wp-content\/uploads\/2017\/10\/12919699_1072684669441036_7817241704342460725_n-k\u00fc\u00e7\u00fck.jpg 201w\" sizes=\"(max-width: 201px) 100vw, 201px\" \/>\u00a0\u00a0<img decoding=\"async\" class=\"alignnone size-full wp-image-2081\" src=\"http:\/\/sahipsizhayvanlar.org\/wp-content\/uploads\/2017\/10\/IMG_6352-k\u00fc\u00e7\u00fck.jpg\" alt=\"\" width=\"113\" height=\"150\" \/><\/p>\n<p>&nbsp;<\/p>\n<p>Ziga Frisek, Slovenia (May 2016 &#8211; July 2016)<\/p>\n<p><img decoding=\"async\" class=\"alignnone size-full wp-image-2083\" src=\"http:\/\/sahipsizhayvanlar.org\/wp-content\/uploads\/2017\/10\/13754509_1316658438361582_8377005488338556245_n-k\u00fc\u00e7\u00fck.jpg\" alt=\"\" width=\"200\" height=\"150\" \/>\u00a0 \u00a0 \u00a0 \u00a0\u00a0<img decoding=\"async\" class=\"alignnone size-full wp-image-2084\" src=\"http:\/\/sahipsizhayvanlar.org\/wp-content\/uploads\/2017\/10\/WP_20160605_13_17_14_Pro-k\u00fc\u00e7\u00fck.jpg\" alt=\"\" width=\"267\" height=\"150\" srcset=\"https:\/\/sahipsizhayvanlar.org\/wp-content\/uploads\/2017\/10\/WP_20160605_13_17_14_Pro-k\u00fc\u00e7\u00fck-200x112.jpg 200w, https:\/\/sahipsizhayvanlar.org\/wp-content\/uploads\/2017\/10\/WP_20160605_13_17_14_Pro-k\u00fc\u00e7\u00fck.jpg 267w\" sizes=\"(max-width: 267px) 100vw, 267px\" \/>\u00a0 \u00a0 \u00a0 \u00a0\u00a0<img decoding=\"async\" class=\"alignnone size-full wp-image-2085\" src=\"http:\/\/sahipsizhayvanlar.org\/wp-content\/uploads\/2017\/10\/WP_20160713_11_02_09_Pro-k\u00fc\u00e7\u00fck.jpg\" alt=\"\" width=\"84\" height=\"150\" \/><\/p>\n<p><img decoding=\"async\" class=\"alignnone size-full wp-image-2087\" src=\"http:\/\/sahipsizhayvanlar.org\/wp-content\/uploads\/2017\/10\/13659066_1316657338361692_8626243005269049012_n-k\u00fc\u00e7\u00fck.jpg\" alt=\"\" width=\"200\" height=\"150\" \/>\u00a0\u00a0<img decoding=\"async\" class=\"alignnone size-full wp-image-2088\" src=\"http:\/\/sahipsizhayvanlar.org\/wp-content\/uploads\/2017\/10\/13782001_1316658168361609_7132281785247404106_n-k\u00fc\u00e7\u00fck.jpg\" alt=\"\" width=\"200\" height=\"150\" \/>\u00a0\u00a0<img decoding=\"async\" class=\"alignnone size-full wp-image-2089\" src=\"http:\/\/sahipsizhayvanlar.org\/wp-content\/uploads\/2017\/10\/13707686_1316658518361574_923192118296032444_n-k\u00fc\u00e7\u00fck.jpg\" alt=\"\" width=\"200\" height=\"150\" \/><\/p>\n<p>&nbsp;<\/p>\n<p>Anna-Lena\u00a0Schaeper, Germany (July 2016 &#8211; September 2016)<\/p>\n<p><img decoding=\"async\" class=\"alignnone size-full wp-image-2099\" src=\"http:\/\/sahipsizhayvanlar.org\/wp-content\/uploads\/2017\/10\/13876382_1067120000002960_6122763952778623576_n-k\u00fc\u00e7\u00fck.jpg\" alt=\"\" width=\"150\" height=\"150\" \/>\u00a0\u00a0<img decoding=\"async\" class=\"alignnone size-full wp-image-2094\" src=\"http:\/\/sahipsizhayvanlar.org\/wp-content\/uploads\/2017\/10\/IMG_7801-k\u00fc\u00e7\u00fck.jpg\" alt=\"\" width=\"200\" height=\"150\" \/>\u00a0 \u00a0<img decoding=\"async\" class=\"alignnone size-full wp-image-2098\" src=\"http:\/\/sahipsizhayvanlar.org\/wp-content\/uploads\/2017\/10\/IMG_7938-k\u00fc\u00e7\u00fck.jpg\" alt=\"\" width=\"200\" height=\"150\" \/><\/p>\n<p><img decoding=\"async\" class=\"alignnone size-full wp-image-2095\" src=\"http:\/\/sahipsizhayvanlar.org\/wp-content\/uploads\/2017\/10\/13920998_1067119933336300_7854110905065248843_n-k\u00fc\u00e7\u00fck.jpg\" alt=\"\" width=\"113\" height=\"150\" \/>\u00a0 \u00a0 \u00a0<img decoding=\"async\" class=\"alignnone size-full wp-image-2093\" src=\"http:\/\/sahipsizhayvanlar.org\/wp-content\/uploads\/2017\/10\/IMG_7827-k\u00fc\u00e7\u00fck.jpg\" alt=\"\" width=\"267\" height=\"150\" srcset=\"https:\/\/sahipsizhayvanlar.org\/wp-content\/uploads\/2017\/10\/IMG_7827-k\u00fc\u00e7\u00fck-200x112.jpg 200w, https:\/\/sahipsizhayvanlar.org\/wp-content\/uploads\/2017\/10\/IMG_7827-k\u00fc\u00e7\u00fck.jpg 267w\" sizes=\"(max-width: 267px) 100vw, 267px\" \/>\u00a0\u00a0\u00a0 \u00a0<img decoding=\"async\" class=\"alignnone size-full wp-image-2096\" src=\"http:\/\/sahipsizhayvanlar.org\/wp-content\/uploads\/2017\/10\/13892199_1067120093336284_7006038844958071417_n-k\u00fc\u00e7\u00fck.jpg\" alt=\"\" width=\"150\" height=\"150\" \/><\/p>\n<p>&nbsp;<\/p>\n<p>Francesca Zolli, Italy (October 2016 &#8211; November 2016)<\/p>\n<p><img decoding=\"async\" class=\"alignnone size-full wp-image-2102\" src=\"http:\/\/sahipsizhayvanlar.org\/wp-content\/uploads\/2017\/10\/frenky-k\u00fc\u00e7\u00fck.jpg\" alt=\"\" width=\"209\" height=\"150\" srcset=\"https:\/\/sahipsizhayvanlar.org\/wp-content\/uploads\/2017\/10\/frenky-k\u00fc\u00e7\u00fck-200x144.jpg 200w, https:\/\/sahipsizhayvanlar.org\/wp-content\/uploads\/2017\/10\/frenky-k\u00fc\u00e7\u00fck.jpg 209w\" sizes=\"(max-width: 209px) 100vw, 209px\" \/>\u00a0 \u00a0\u00a0<img decoding=\"async\" class=\"alignnone size-full wp-image-2103\" src=\"http:\/\/sahipsizhayvanlar.org\/wp-content\/uploads\/2017\/10\/Frenky1-k\u00fc\u00e7\u00fck.jpg\" alt=\"\" width=\"168\" height=\"150\" \/>\u00a0 \u00a0\u00a0<img decoding=\"async\" class=\"alignnone size-full wp-image-2104\" src=\"http:\/\/sahipsizhayvanlar.org\/wp-content\/uploads\/2017\/10\/14853010_10155385186272067_4159912523199847455_o-k\u00fc\u00e7\u00fck.jpg\" alt=\"\" width=\"113\" height=\"150\" \/><\/p>\n<p><img decoding=\"async\" class=\"alignnone size-full wp-image-2105\" src=\"http:\/\/sahipsizhayvanlar.org\/wp-content\/uploads\/2017\/10\/14938180_1019640841478359_7881012711715751934_n-k\u00fc\u00e7\u00fck.jpg\" alt=\"\" width=\"200\" height=\"150\" \/>\u00a0\u00a0<img decoding=\"async\" class=\"alignnone size-full wp-image-2106\" src=\"http:\/\/sahipsizhayvanlar.org\/wp-content\/uploads\/2017\/10\/IMG_9411-k\u00fc\u00e7\u00fck.jpg\" alt=\"\" width=\"112\" height=\"150\" \/>\u00a0\u00a0<img decoding=\"async\" class=\"alignnone size-full wp-image-2108\" src=\"http:\/\/sahipsizhayvanlar.org\/wp-content\/uploads\/2017\/10\/14657416_10154589735629286_9150908946278305584_n-k\u00fc\u00e7\u00fck.jpg\" alt=\"\" width=\"200\" height=\"150\" \/><\/p>\n<p>&nbsp;<\/p>\n<p>Maria\u00a0Loureiro, Portugal (December 2016 &#8211; February 2017)<\/p>\n<p><img decoding=\"async\" class=\"alignnone size-full wp-image-2110\" src=\"http:\/\/sahipsizhayvanlar.org\/wp-content\/uploads\/2017\/10\/15492139_1195626720485620_7256553223848041081_n-k\u00fc\u00e7\u00fck.jpg\" alt=\"\" width=\"200\" height=\"150\" \/>\u00a0\u00a0<img decoding=\"async\" class=\"alignnone size-full wp-image-2111\" src=\"http:\/\/sahipsizhayvanlar.org\/wp-content\/uploads\/2017\/10\/2017-02-05-PHOTO-00000102-k\u00fc\u00e7\u00fck.jpg\" alt=\"\" width=\"266\" height=\"150\" srcset=\"https:\/\/sahipsizhayvanlar.org\/wp-content\/uploads\/2017\/10\/2017-02-05-PHOTO-00000102-k\u00fc\u00e7\u00fck-200x113.jpg 200w, https:\/\/sahipsizhayvanlar.org\/wp-content\/uploads\/2017\/10\/2017-02-05-PHOTO-00000102-k\u00fc\u00e7\u00fck.jpg 266w\" sizes=\"(max-width: 266px) 100vw, 266px\" \/>\u00a0\u00a0<img decoding=\"async\" class=\"alignnone size-full wp-image-2112\" src=\"http:\/\/sahipsizhayvanlar.org\/wp-content\/uploads\/2017\/10\/15826477_1215071435207815_6724767153583003926_n-k\u00fc\u00e7\u00fck.jpg\" alt=\"\" width=\"150\" height=\"150\" \/><\/p>\n<p><img decoding=\"async\" class=\"alignnone size-full wp-image-2116\" src=\"http:\/\/sahipsizhayvanlar.org\/wp-content\/uploads\/2017\/10\/2017-02-05-PHOTO-00000104-k\u00fc\u00e7\u00fck.jpg\" alt=\"\" width=\"266\" height=\"150\" srcset=\"https:\/\/sahipsizhayvanlar.org\/wp-content\/uploads\/2017\/10\/2017-02-05-PHOTO-00000104-k\u00fc\u00e7\u00fck-200x113.jpg 200w, https:\/\/sahipsizhayvanlar.org\/wp-content\/uploads\/2017\/10\/2017-02-05-PHOTO-00000104-k\u00fc\u00e7\u00fck.jpg 266w\" sizes=\"(max-width: 266px) 100vw, 266px\" \/>\u00a0 \u00a0 \u00a0 \u00a0 \u00a0 \u00a0\u00a0\u00a0<img decoding=\"async\" class=\"alignnone wp-image-2117\" src=\"http:\/\/sahipsizhayvanlar.org\/wp-content\/uploads\/2017\/10\/Maria-k\u00fc\u00e7\u00fck-300x143.jpg\" alt=\"\" width=\"315\" height=\"150\" srcset=\"https:\/\/sahipsizhayvanlar.org\/wp-content\/uploads\/2017\/10\/Maria-k\u00fc\u00e7\u00fck-200x95.jpg 200w, https:\/\/sahipsizhayvanlar.org\/wp-content\/uploads\/2017\/10\/Maria-k\u00fc\u00e7\u00fck-300x143.jpg 300w, https:\/\/sahipsizhayvanlar.org\/wp-content\/uploads\/2017\/10\/Maria-k\u00fc\u00e7\u00fck.jpg 315w\" sizes=\"(max-width: 315px) 100vw, 315px\" \/><\/p>\n<p>&nbsp;<\/p>\n<p>Katarzyna\u00a0Lewi\u0144ska, Poland (February 2017 &#8211; April 2017)<\/p>\n<p><img decoding=\"async\" class=\"alignnone size-full wp-image-2124\" src=\"http:\/\/sahipsizhayvanlar.org\/wp-content\/uploads\/2017\/10\/IMG_3820-k\u00fc\u00e7\u00fck.jpg\" alt=\"\" width=\"113\" height=\"150\" \/>\u00a0\u00a0<img decoding=\"async\" class=\"alignnone size-full wp-image-2121\" src=\"http:\/\/sahipsizhayvanlar.org\/wp-content\/uploads\/2017\/10\/IMG_3653-k\u00fc\u00e7\u00fck.jpg\" alt=\"\" width=\"200\" height=\"150\" \/>\u00a0\u00a0<img decoding=\"async\" class=\"alignnone size-full wp-image-2122\" src=\"http:\/\/sahipsizhayvanlar.org\/wp-content\/uploads\/2017\/10\/IMG_3657-k\u00fc\u00e7\u00fck.jpg\" alt=\"\" width=\"200\" height=\"150\" \/><\/p>\n<p><img decoding=\"async\" class=\"alignnone size-full wp-image-2120\" src=\"http:\/\/sahipsizhayvanlar.org\/wp-content\/uploads\/2017\/10\/IMG_3617-k\u00fc\u00e7\u00fck.jpg\" alt=\"\" width=\"150\" height=\"150\" \/>\u00a0 \u00a0 \u00a0 \u00a0\u00a0\u00a0<img decoding=\"async\" class=\"alignnone size-full wp-image-2123\" src=\"http:\/\/sahipsizhayvanlar.org\/wp-content\/uploads\/2017\/10\/IMG_3656-k\u00fc\u00e7\u00fck.jpg\" alt=\"\" width=\"113\" height=\"150\" \/>\u00a0 \u00a0 \u00a0 \u00a0\u00a0<img decoding=\"async\" class=\"alignnone size-full wp-image-2125\" src=\"http:\/\/sahipsizhayvanlar.org\/wp-content\/uploads\/2017\/10\/IMG_3659-k\u00fc\u00e7\u00fck.jpg\" alt=\"\" width=\"200\" height=\"150\" \/><\/p>","protected":false},"excerpt":{"rendered":"<p>\u00a0Give Me Your Hand Our Erasmus+ European Voluntary Service project \u201cIt\u2019s Your Turn\u201d was held in Sinop, Turkey between 2016 \u2013 2017. It aimed to [&hellip;]<\/p>\n","protected":false},"author":1,"featured_media":0,"parent":1544,"menu_order":0,"comment_status":"closed","ping_status":"closed","template":"","meta":{"footnotes":""},"_links":{"self":[{"href":"https:\/\/sahipsizhayvanlar.org\/en\/wp-json\/wp\/v2\/pages\/2065"}],"collection":[{"href":"https:\/\/sahipsizhayvanlar.org\/en\/wp-json\/wp\/v2\/pages"}],"about":[{"href":"https:\/\/sahipsizhayvanlar.org\/en\/wp-json\/wp\/v2\/types\/page"}],"author":[{"embeddable":true,"href":"https:\/\/sahipsizhayvanlar.org\/en\/wp-json\/wp\/v2\/users\/1"}],"replies":[{"embeddable":true,"href":"https:\/\/sahipsizhayvanlar.org\/en\/wp-json\/wp\/v2\/comments?post=2065"}],"version-history":[{"count":16,"href":"https:\/\/sahipsizhayvanlar.org\/en\/wp-json\/wp\/v2\/pages\/2065\/revisions"}],"predecessor-version":[{"id":2127,"href":"https:\/\/sahipsizhayvanlar.org\/en\/wp-json\/wp\/v2\/pages\/2065\/revisions\/2127"}],"up":[{"embeddable":true,"href":"https:\/\/sahipsizhayvanlar.org\/en\/wp-json\/wp\/v2\/pages\/1544"}],"wp:attachment":[{"href":"https:\/\/sahipsizhayvanlar.org\/en\/wp-json\/wp\/v2\/media?parent=2065"}],"curies":[{"name":"wp","href":"https:\/\/api.w.org\/{rel}","templated":true}]}}